{"id":76,"date":"2020-01-09T04:23:02","date_gmt":"2020-01-09T04:23:02","guid":{"rendered":"http:\/\/impactototal.mx\/?page_id=76"},"modified":"2023-11-07T21:18:28","modified_gmt":"2023-11-07T21:18:28","slug":"home","status":"publish","type":"page","link":"http:\/\/impactototal.mx\/","title":{"rendered":"Home"},"content":{"rendered":"<!-- wp:themify-builder\/canvas \/-->","protected":false},"excerpt":{"rendered":"","protected":false},"author":1,"featured_media":0,"parent":0,"menu_order":0,"comment_status":"closed","ping_status":"closed","template":"","meta":{"footnotes":""},"builder_content":"<p style=\"text-align: center;\">IMPACTO TOTAL EN SEGURIDAD PRIVADA FORMA PARTE DEL CORPORATIVO DE SEGURIDAD M\u00c1S GRANDE Y PRESTIGIADO DEL MERCADO NACIONAL Y DE AM\u00c9RICA LATINA: GRUPO SEGURIDAD INTEGRAL.<br><\/p>\n<a href=\"https:\/\/themify.me\/\" > Con\u00f3cenos <\/a>\n<h2 style=\"text-align: center;\">NOSOTROS<\/h2> <p style=\"text-align: center;\">En Impacto Total estamos respaldados para operar en todo el territorio nacional, comprometidos con la atenci\u00f3n especializada de nuestros socios comerciales, como Miembros de AMESP, COPARMEX, ESR, ASIS, REPSE.<\/p> <p style=\"text-align: center;\">Somos empresa con certificacion ISO 9001:2015, con permiso para operar a nivel federal, estatal y municipal, respaldos por oficiales de seguridad capacitados y registrados ante la Secretaria de Seguridad P\u00fablica\u00a0<\/p>\n<img src=\"http:\/\/impactototal.mx\/wp-content\/uploads\/2023\/10\/LOGOS-copia.png\" title=\"LOGOS copia\" alt=\"LOGOS copia\" srcset=\"http:\/\/impactototal.mx\/wp-content\/uploads\/2023\/10\/LOGOS-copia.png 800w, http:\/\/impactototal.mx\/wp-content\/uploads\/2023\/10\/LOGOS-copia-300x33.png 300w, http:\/\/impactototal.mx\/wp-content\/uploads\/2023\/10\/LOGOS-copia-768x84.png 768w\" sizes=\"(max-width: 800px) 100vw, 800px\" \/>\n<h2 style=\"text-align: center;\">NUESTRA POLITICA DE SEGURIDAD<\/h2>\n<p>En Impacto Total estamos comprometidos con garantizar la seguridad en la protecci\u00f3n de activos de nuestros clientes, brindando un servicio integral en seguridad privada.<\/p> <p>Es nuestra responsabilidad cumplir con los requisitos legales y reglamentarios aplicables, promoviendo a su vez la seguridad en el uso de tecnolog\u00edas de la informaci\u00f3n.<\/p> <p>Aseguramos con el apoyo de nuestra alta direcci\u00f3n, mantener la integridad y mejora continua de nuestros procesos, lo cual nos permite la prevenci\u00f3n de actividades il\u00edcitas que puedan alterar nuestra operaci\u00f3n.<\/p>\n<h2 style=\"text-align: center;\">SERVICIOS<\/h2>\n<p style=\"text-align: center;\">El servicio de Oficiales de Impacto Total en Seguridad Privada est\u00e1 dirigido a clientes con necesidades especiales para la protecci\u00f3n de sus bienes e instalaciones.<\/p> \u00a0\n<svg> <circle r=\"calc(50% - 1.00px)\" cx=\"50%\" cy=\"50%\" stroke-width=\"2\"\/> <circle r=\"calc(50% - 1.00px)\" cx=\"50%\" cy=\"50%\" stroke=\"#e3a62d\" stroke-width=\"2\" data-progress=\"100\" stroke-dasharray=\"0,10000\"\/> <\/svg> <em style=\"color:#000000\"><svg aria-hidden=\"true\"><use href=\"#tf-fas-person-military-rifle\"><\/use><\/svg><\/em> \n <h3> Guardias Intramuros <\/h3> <p>Contamos con personal\u00a0 certificados y calificados.<\/p>\n<svg> <circle r=\"calc(50% - 1.00px)\" cx=\"50%\" cy=\"50%\" stroke-width=\"2\"\/> <circle r=\"calc(50% - 1.00px)\" cx=\"50%\" cy=\"50%\" stroke=\"#e3a62d\" stroke-width=\"2\" data-progress=\"100\" stroke-dasharray=\"0,10000\"\/> <\/svg> <em style=\"color:#000000\"><svg aria-hidden=\"true\"><use href=\"#tf-fas-location-pin-lock\"><\/use><\/svg><\/em> \n <h3> Tecnologia de rastreo y Localizaci\u00f3n <\/h3> <p>Sistema de Administraci\u00f3n de flotillas v\u00eda satelital<\/p>\n<svg> <circle r=\"calc(50% - 1.00px)\" cx=\"50%\" cy=\"50%\" stroke-width=\"2\"\/> <circle r=\"calc(50% - 1.00px)\" cx=\"50%\" cy=\"50%\" stroke=\"#e3a62d\" stroke-width=\"2\" data-progress=\"100\" stroke-dasharray=\"0,10000\"\/> <\/svg> <em style=\"color:#000000\"><svg aria-hidden=\"true\"><use href=\"#tf-fas-boxes-stacked\"><\/use><\/svg><\/em> \n <h3> Custodia de mercancia y bienes <\/h3> <p>Servicio de rastreo y vigilancia para el resguardo de unidades.<\/p>\n<svg> <circle r=\"calc(50% - 1.00px)\" cx=\"50%\" cy=\"50%\" stroke-width=\"2\"\/> <circle r=\"calc(50% - 1.00px)\" cx=\"50%\" cy=\"50%\" stroke=\"#e3a62d\" stroke-width=\"2\" data-progress=\"100\" stroke-dasharray=\"0,10000\"\/> <\/svg> <em style=\"color:#000000\"><svg aria-hidden=\"true\"><use href=\"#tf-fas-plane-up\"><\/use><\/svg><\/em> \n <h3> Vigilancia Aeroportuaria <\/h3> <p>Profesionales en la materia de Aviaci\u00f3n Civil<\/p>\n<svg> <circle r=\"calc(50% - 1.00px)\" cx=\"50%\" cy=\"50%\" stroke-width=\"2\"\/> <circle r=\"calc(50% - 1.00px)\" cx=\"50%\" cy=\"50%\" stroke=\"#e3a62d\" stroke-width=\"2\" data-progress=\"100\" stroke-dasharray=\"0,10000\"\/> <\/svg> <em style=\"color:#000000\"><svg aria-hidden=\"true\"><use href=\"#tf-fas-taxi\"><\/use><\/svg><\/em> \n <h3> Patrullaje espacializado <\/h3> <p>Unidades equipadas con soporte de respuesta.<\/p>\n<svg> <circle r=\"calc(50% - 1.00px)\" cx=\"50%\" cy=\"50%\" stroke-width=\"2\"\/> <circle r=\"calc(50% - 1.00px)\" cx=\"50%\" cy=\"50%\" stroke=\"#e3a62d\" stroke-width=\"2\" data-progress=\"100\" stroke-dasharray=\"0,10000\"\/> <\/svg> <em style=\"color:#000000\"><svg aria-hidden=\"true\"><use href=\"#tf-fas-video\"><\/use><\/svg><\/em> \n <h3> CCTV y Control de Acceso <\/h3> <p>Especialistan en mantenimiento preventivo y correctivo a cualquier sistema de acceso,\u00a0incendio\u00a0y\u00a0cctv<\/p>\n<img src=\"http:\/\/impactototal.mx\/wp-content\/uploads\/2023\/10\/supremacia-595x745.png\" width=\"595\" height=\"745\" title=\"supremacia\" alt=\"supremacia\" srcset=\"http:\/\/impactototal.mx\/wp-content\/uploads\/2023\/10\/supremacia-595x745.png 595w, http:\/\/impactototal.mx\/wp-content\/uploads\/2023\/10\/supremacia-240x300.png 240w, http:\/\/impactototal.mx\/wp-content\/uploads\/2023\/10\/supremacia-768x962.png 768w, http:\/\/impactototal.mx\/wp-content\/uploads\/2023\/10\/supremacia.png 808w\" sizes=\"(max-width: 595px) 100vw, 595px\" \/>\n<h2>CONT\u00c1CTANOS<\/h2> <p>\"Salvaguardar los intereses patrimoniales de nuestros clientes. \"<\/p> <p>Utilizando los mejores sistemas de tecnolog\u00eda con personal altamente calificado que brinda un ambiente de seguridad y confianza.\u00a0<\/p>\n<a href=\"http:\/\/impactototal.mx\/?page_id=77#\" > HAZ CLIC AQUI <\/a>","_links":{"self":[{"href":"http:\/\/impactototal.mx\/index.php?rest_route=\/wp\/v2\/pages\/76"}],"collection":[{"href":"http:\/\/impactototal.mx\/index.php?rest_route=\/wp\/v2\/pages"}],"about":[{"href":"http:\/\/impactototal.mx\/index.php?rest_route=\/wp\/v2\/types\/page"}],"author":[{"embeddable":true,"href":"http:\/\/impactototal.mx\/index.php?rest_route=\/wp\/v2\/users\/1"}],"replies":[{"embeddable":true,"href":"http:\/\/impactototal.mx\/index.php?rest_route=%2Fwp%2Fv2%2Fcomments&post=76"}],"version-history":[{"count":53,"href":"http:\/\/impactototal.mx\/index.php?rest_route=\/wp\/v2\/pages\/76\/revisions"}],"predecessor-version":[{"id":239,"href":"http:\/\/impactototal.mx\/index.php?rest_route=\/wp\/v2\/pages\/76\/revisions\/239"}],"wp:attachment":[{"href":"http:\/\/impactototal.mx\/index.php?rest_route=%2Fwp%2Fv2%2Fmedia&parent=76"}],"curies":[{"name":"wp","href":"https:\/\/api.w.org\/{rel}","templated":true}]}}